{"id":771,"date":"2023-02-14T15:14:01","date_gmt":"2023-02-14T14:14:01","guid":{"rendered":"https:\/\/efi-sh.de\/pinneberg\/?page_id=771"},"modified":"2025-10-26T11:42:02","modified_gmt":"2025-10-26T10:42:02","slug":"mitmachen","status":"publish","type":"page","link":"https:\/\/efi-sh.de\/pinneberg\/mitmachen\/","title":{"rendered":"Mitmachen"},"content":{"rendered":"<div class=\"entry-content\">\n<h1 class=\"entry-title\">\u201eArbeiten\u201c im Team<\/h1>\n<p>Wir <span style=\"color: #ff6600;\"><em>senior<\/em><span style=\"color: #ff0000;\"><strong>Trainer<\/strong><em>in <\/em><\/span><\/span>sind Teamplayer !<\/p>\n<p>Die <em><span style=\"color: #ff6600;\">senior<\/span> <\/em><strong><span style=\"color: #ff0000;\">Trainerinnen <\/span><\/strong>und \u2013 <strong><span style=\"color: #ff0000;\">Trainer<\/span><\/strong> in Schleswig-Holstein treffen sich mindestens einmal im Monat.<\/p>\n<p>Wir informieren uns \u00fcber aktuelle Projekte, entwickeln neue Ideen und erkundigen uns \u00fcber Bedarfe an gemeinn\u00fctzigen T\u00e4tigkeiten in unserer Region.<\/p>\n<p>Jeder ist uns willkommen, der uns bei unseren ehrenamtlichen T\u00e4tigkeiten unterst\u00fctzen m\u00f6chte.<\/p>\n<p>Sie haben eine Idee, ein neues Projekt !<\/p>\n<p>Dann melden Sie sich bitte an eine unserer <span style=\"color: #ff6600;\"><em>senior<\/em><span style=\"color: #ff0000;\"><strong>Trainer<\/strong><em>in <\/em><\/span><\/span>-Anlaufstellen in Schleswig-Holstein.<\/p>\n<p><strong>Anlaufstelle f\u00fcr den Kreis Pinneberg:<\/strong><\/p>\n<p>Stadt Barmstedt, Rathaus, Am Markt 1, 25355 Barmstedt<br \/>\nAnsprechpartner: Philipp Sielaff<br \/>\nTelefon: 04123 681-117, Mail:<a href=\"mailto:p.sielaff@stadt-barmstedt.de\" target=\"_blank\" rel=\"noopener\"> p.sielaff@stadt-barmstedt.de<\/a><\/p>\n<\/div>\n","protected":false},"excerpt":{"rendered":"<p>\u201eArbeiten\u201c im Team Wir seniorTrainerin sind Teamplayer ! Die senior Trainerinnen und \u2013 Trainer in Schleswig-Holstein treffen sich mindestens einmal im Monat. Wir informieren uns&hellip; <\/p>\n","protected":false},"author":1,"featured_media":0,"parent":0,"menu_order":0,"comment_status":"closed","ping_status":"closed","template":"","meta":{"footnotes":""},"class_list":["post-771","page","type-page","status-publish","hentry"],"_links":{"self":[{"href":"https:\/\/efi-sh.de\/pinneberg\/wp-json\/wp\/v2\/pages\/771","targetHints":{"allow":["GET"]}}],"collection":[{"href":"https:\/\/efi-sh.de\/pinneberg\/wp-json\/wp\/v2\/pages"}],"about":[{"href":"https:\/\/efi-sh.de\/pinneberg\/wp-json\/wp\/v2\/types\/page"}],"author":[{"embeddable":true,"href":"https:\/\/efi-sh.de\/pinneberg\/wp-json\/wp\/v2\/users\/1"}],"replies":[{"embeddable":true,"href":"https:\/\/efi-sh.de\/pinneberg\/wp-json\/wp\/v2\/comments?post=771"}],"version-history":[{"count":5,"href":"https:\/\/efi-sh.de\/pinneberg\/wp-json\/wp\/v2\/pages\/771\/revisions"}],"predecessor-version":[{"id":1246,"href":"https:\/\/efi-sh.de\/pinneberg\/wp-json\/wp\/v2\/pages\/771\/revisions\/1246"}],"wp:attachment":[{"href":"https:\/\/efi-sh.de\/pinneberg\/wp-json\/wp\/v2\/media?parent=771"}],"curies":[{"name":"wp","href":"https:\/\/api.w.org\/{rel}","templated":true}]}}