{"id":768,"date":"2023-02-14T15:09:36","date_gmt":"2023-02-14T14:09:36","guid":{"rendered":"https:\/\/efi-sh.de\/pinneberg\/?page_id=768"},"modified":"2023-04-01T11:06:49","modified_gmt":"2023-04-01T09:06:49","slug":"kompetenzteam-bad-oldesloe","status":"publish","type":"page","link":"https:\/\/efi-sh.de\/pinneberg\/kompetenzteam-bad-oldesloe\/","title":{"rendered":"Kompetenzteam Pinneberg"},"content":{"rendered":"<p>Wie w\u00e4re es mit einem Ehrenamt, bei dem Sie etwas von Ihrer nun reichlich vorhandenen Zeit einsetzen und Ihre gewonnenen Lebens- und Berufserfahrungen weitergeben?<\/p>\n<p><strong>Weiterhin gebraucht und wertgesch\u00e4tzt zu werden, ist ein gro\u00dfartiges Gef\u00fchl.<\/strong><\/p>\n<p>\u201eSeniorTrainer<em>Innen<\/em>\u201c ist eine seit Jahren erfolgreiche Landesinitiative. Das Wort \u201eSenior\u201c steht f\u00fcr erfahren und leitend, das Wort \u201eTrainer\u201c f\u00fcr Berater, Unterst\u00fctzer und F\u00f6rderer. Landesweit sind zurzeit rund 200 SeniorTrainer und -Trainerinnen in \u00fcber 100 Projekten aktiv. Sie helfen und beraten bestehende Initiativen, Vereine, Gruppen oder einzelne Menschen. Die Themen sind bunt, komplex und vielf\u00e4ltig.<\/p>\n<p>Unser Team unterst\u00fctzt Sie dabei, Ihre Ideen umzusetzen.<\/p>\n<div>Interessierte Senioreninnen und Senioren werden in Schleswig-Holstein zentral durch zwei 3-t\u00e4gige kostenfreie Seminare mit \u00dcbernachtung (zum Beispiel in der Akademie am See in Pl\u00f6n) auf ihr Ehrenamt sorgf\u00e4ltig vorbereitet. Vorher k\u00f6nnen Sie eine Hospitations- und Praxisphase durchlaufen, stets unterst\u00fctzt durch das Kompetenzteam Pinneberg.<\/div>\n<p>Wer Lust versp\u00fcrt sich ehrenamtlich zu engagieren und ausf\u00fchrliche Informationen und Anregungen haben m\u00f6chte, wendet sich bitte an die Ansprechpartner<\/p>\n<p><strong>Christina Walter \u00fcber eMail <a href=\"mailto:pinneberg@seniortrainer-sh.de\" target=\"_blank\" rel=\"noopener\"><em>pinneberg@seniortrainer-sh.de<\/em><\/a>.<\/strong><\/p>\n<p>Weitere Informationen zum Landesprogramm SeniorTrainerInnen finden Sie<br \/>\nau\u00dferdem unter <a href=\"https:\/\/www.seniortrainer-sh.de\" target=\"_blank\" rel=\"noopener\">www.seniortrainer-sh.de<\/a>.<\/p>\n<p>&nbsp;<\/p>\n<p>&nbsp;<\/p>\n<h3><strong>\u00a0<\/strong><\/h3>\n","protected":false},"excerpt":{"rendered":"<p>Wie w\u00e4re es mit einem Ehrenamt, bei dem Sie etwas von Ihrer nun reichlich vorhandenen Zeit einsetzen und Ihre gewonnenen Lebens- und Berufserfahrungen weitergeben? Weiterhin&hellip; <\/p>\n","protected":false},"author":1,"featured_media":0,"parent":0,"menu_order":0,"comment_status":"closed","ping_status":"closed","template":"","meta":{"footnotes":""},"class_list":["post-768","page","type-page","status-publish","hentry"],"_links":{"self":[{"href":"https:\/\/efi-sh.de\/pinneberg\/wp-json\/wp\/v2\/pages\/768","targetHints":{"allow":["GET"]}}],"collection":[{"href":"https:\/\/efi-sh.de\/pinneberg\/wp-json\/wp\/v2\/pages"}],"about":[{"href":"https:\/\/efi-sh.de\/pinneberg\/wp-json\/wp\/v2\/types\/page"}],"author":[{"embeddable":true,"href":"https:\/\/efi-sh.de\/pinneberg\/wp-json\/wp\/v2\/users\/1"}],"replies":[{"embeddable":true,"href":"https:\/\/efi-sh.de\/pinneberg\/wp-json\/wp\/v2\/comments?post=768"}],"version-history":[{"count":0,"href":"https:\/\/efi-sh.de\/pinneberg\/wp-json\/wp\/v2\/pages\/768\/revisions"}],"wp:attachment":[{"href":"https:\/\/efi-sh.de\/pinneberg\/wp-json\/wp\/v2\/media?parent=768"}],"curies":[{"name":"wp","href":"https:\/\/api.w.org\/{rel}","templated":true}]}}