{"id":758,"date":"2023-02-14T14:52:36","date_gmt":"2023-02-14T13:52:36","guid":{"rendered":"https:\/\/efi-sh.de\/pinneberg\/?page_id=758"},"modified":"2026-04-10T13:34:14","modified_gmt":"2026-04-10T11:34:14","slug":"termine","status":"publish","type":"page","link":"https:\/\/efi-sh.de\/pinneberg\/termine\/","title":{"rendered":"Termine"},"content":{"rendered":"<p><strong><del>Wir treffen uns zur Sitzung des KT Pinneberg<\/del><\/strong><br \/>am ersten Dienstag im Monat vormittags von 10 &#8211; 12 Uhr im Rathaus Barmstedt.<br \/>Wir freuen uns \u00fcber G\u00e4ste, die uns kennenlernen m\u00f6chten.<strong><br \/>Die n\u00e4chsten Sitzungs-Termine des Kompetenzzentrums Kreis Pinneberg:<br \/><\/strong><del>Dienstag, 13.01.2026<\/del><br \/><del>Dienstag, 03.02.2026<\/del><br \/><del>Dienstag, 03.03.2026<\/del><br \/><del>Dienstag, 07.04.2026<\/del><br \/>Dienstag, 05.05.2026,<br \/>Dienstag, 02.06.2025<\/p>\n<p><strong>Im Senioren-Caf\u00e9 gibt es Kaffee, selbst gebacken Kuchen und Kl\u00f6nschnack<\/strong>:<br \/>Immer am Sonntag von 14 bis 17 Uhr im Humburg Haus.<br \/><strong>Die n\u00e4chsten Termine zum Senioren-Caf\u00e9:<\/strong><br \/><del>Sonntag, 22.03.2026<\/del><br \/>Sonntag, 12.04.2026<br \/>Sonntag, 17.05.2026<br \/>Sonntag, 14.06.2026<br \/>Sonntag, 12.07.2026<br \/>Sonntag, 09.08.2026<br \/>Sonntag, 13.09.2026<br \/>Sonntag, 11.10.2026<br \/>Sonntag, 08.11.2026<\/p>\n<p><strong>Monatlich bieten wir unsere Veranstaltung &#8222;Digitale Medien&#8220; an:<br \/><\/strong>Im Humburg-Haus von 10 bis 12 Uhr.<br \/>Unsere Helferinnen und Helfer beantworten dann gern ihre Fragen zum Smartphone oder zu Smartphone APPs.<br \/>Unser aktueller Terminplan ist auch auf der Barmstedter Webseite des Rathauses zu finden:<br \/><a href=\"https:\/\/www.vg-barmstedt-hoernerkirchen.de\/fileadmin\/bilder\/Stadt_Barmstedt\/Seniorenbeirat\/Veranstaltungskalender_Stand_17.03.2026.pdf\"><span style=\"color: #ff6600;\"><em><span style=\"color: #ff6600;\">senior<\/span><\/em><span style=\"color: #ff0000;\"><strong>Trainer<\/strong><em>in<\/em><\/span><\/span> <span style=\"color: #000000;\">Termine<\/span><\/a><\/p>\n<p><strong>Die n\u00e4chsten Termine \u201ekeine Angst vor Digitalen Medien\u201c:<\/strong><br \/><strong>es geht im Humburg-Haus weiter am:<br \/><\/strong><del>Montag, 09.03.2026<\/del><br \/>Montag, 13.04.2026<br \/>Montag, 11.05.2026<\/p>\n\n\n<p><\/p>\n","protected":false},"excerpt":{"rendered":"<p>Wir treffen uns zur Sitzung des KT Pinnebergam ersten Dienstag im Monat vormittags von 10 &#8211; 12 Uhr im Rathaus Barmstedt.Wir freuen uns \u00fcber G\u00e4ste,&hellip; <\/p>\n","protected":false},"author":7,"featured_media":0,"parent":0,"menu_order":0,"comment_status":"closed","ping_status":"closed","template":"","meta":{"footnotes":""},"class_list":["post-758","page","type-page","status-publish","hentry"],"_links":{"self":[{"href":"https:\/\/efi-sh.de\/pinneberg\/wp-json\/wp\/v2\/pages\/758","targetHints":{"allow":["GET"]}}],"collection":[{"href":"https:\/\/efi-sh.de\/pinneberg\/wp-json\/wp\/v2\/pages"}],"about":[{"href":"https:\/\/efi-sh.de\/pinneberg\/wp-json\/wp\/v2\/types\/page"}],"author":[{"embeddable":true,"href":"https:\/\/efi-sh.de\/pinneberg\/wp-json\/wp\/v2\/users\/7"}],"replies":[{"embeddable":true,"href":"https:\/\/efi-sh.de\/pinneberg\/wp-json\/wp\/v2\/comments?post=758"}],"version-history":[{"count":13,"href":"https:\/\/efi-sh.de\/pinneberg\/wp-json\/wp\/v2\/pages\/758\/revisions"}],"predecessor-version":[{"id":1268,"href":"https:\/\/efi-sh.de\/pinneberg\/wp-json\/wp\/v2\/pages\/758\/revisions\/1268"}],"wp:attachment":[{"href":"https:\/\/efi-sh.de\/pinneberg\/wp-json\/wp\/v2\/media?parent=758"}],"curies":[{"name":"wp","href":"https:\/\/api.w.org\/{rel}","templated":true}]}}