{"id":289,"date":"2021-09-22T05:41:26","date_gmt":"2021-09-22T05:41:26","guid":{"rendered":"https:\/\/demo.themefreesia.com\/zon\/?page_id=5"},"modified":"2025-10-12T11:54:11","modified_gmt":"2025-10-12T09:54:11","slug":"home","status":"publish","type":"page","link":"https:\/\/efi-sh.de\/pinneberg\/","title":{"rendered":"Home"},"content":{"rendered":"<h4>Moin !<\/h4>\n<p>Wollen Sie in unserem Team mitmachen?<\/p>\n<p>Wenn Sie Lust haben sich ehrenamtlich zu bet\u00e4tigen und dazu Ideen haben, die sie umsetzten m\u00f6chten, dann hei\u00dfen wir sie in unserem Team gern willkommen. Wir bieten allen interessierten Personen die M\u00f6glichkeiten bestehende Projekte zu unterst\u00fctzen oder eine eigene Projektidee umzusetzen.<br \/>\nDie Projektarbeit unseres <span style=\"color: #ff6600;\"> <em>senior<\/em><span style=\"color: #ff0000;\">Trainer<\/span><em>in <\/em><\/span>Vereins<span style=\"color: #000000;\"> Landesnetzwerk Schleswig-Holstein e.V. \u00a0<\/span>wird vom Ministerium f\u00fcr Soziales, Jugend, Familie, Senioren, Integration und Gleichstellung des Landes Schleswig-Holstein unterst\u00fctzt.<br \/>\nBesuchen sie uns und lernen sie zun\u00e4chst das <span style=\"color: #ff9900;\"><em>senior<\/em><span style=\"color: #ff0000;\">Trainer<\/span><em>in <\/em><\/span>Kompetenzteam Pinneberg bei seinen regelm\u00e4\u00dfigen Treffen kennen. Wir treffen uns einmal im Monat. Hier berichten wir von unseren Projekten und besprechen Organisatorisches. Neue Ideen werden vorgestellt, bei deren Umsetzung helfen wir und wir stehen auch mit Ratschl\u00e4gen und Anregungen zur Seite. Den Umfang unseres Engagements in unseren Projekten bestimmen wir selbst.<br \/>\n<strong>Sind Sie interessiert?<\/strong><\/p>\n<ul>\n<li style=\"list-style-type: none;\">\n<ul>\n<li>Melden sie sich gerne bei uns unter \ud83d\udcde 04123 681-117<\/li>\n<li>Mail: <a href=\"mailto:p.sielaff@stadt-barmstedt.de\" target=\"_blank\" rel=\"noopener\">p.sielaff@stadt-barmstedt.de<\/a><\/li>\n<li>Besuchen sie unsere Teamsitzung<\/li>\n<li>Helfen sie bei laufenden Projekten mit\u2026<\/li>\n<\/ul>\n<\/li>\n<\/ul>\n<pre> \u2026oder setzen Sie Ihre eigenen Ideen um.<\/pre>\n<p>Sie sind uns herzlich willkommen!<\/p>\n<dl>\n<dt><strong>Wer kann mitmachen?<\/strong><\/dt>\n<dt><\/dt>\n<dt><\/dt>\n<dd>Damen und Herren jeden Alters, die sich mit uns ehrenamtlich engagieren m\u00f6chten<\/dd>\n<dd><strong><strong><strong>Teamtreff: Anlaufstelle<br \/>\n<\/strong><\/strong><\/strong>Stadt Barmstedt, Rathaus, Am Markt 1, 25355 Barmstedt<br \/>\nAnsprechpartner: Phillip Sielaff<br \/>\nTelefon: 04123 681-117, Mail: p.sielaff@stadt-barmstedt.de<\/dd>\n<\/dl>\n","protected":false},"excerpt":{"rendered":"<p>Moin ! Wollen Sie in unserem Team mitmachen? Wenn Sie Lust haben sich ehrenamtlich zu bet\u00e4tigen und dazu Ideen haben, die sie umsetzten m\u00f6chten, dann&hellip; <\/p>\n","protected":false},"author":1,"featured_media":0,"parent":0,"menu_order":0,"comment_status":"closed","ping_status":"closed","template":"page-templates\/zon-template.php","meta":{"footnotes":""},"class_list":["post-289","page","type-page","status-publish","hentry"],"_links":{"self":[{"href":"https:\/\/efi-sh.de\/pinneberg\/wp-json\/wp\/v2\/pages\/289","targetHints":{"allow":["GET"]}}],"collection":[{"href":"https:\/\/efi-sh.de\/pinneberg\/wp-json\/wp\/v2\/pages"}],"about":[{"href":"https:\/\/efi-sh.de\/pinneberg\/wp-json\/wp\/v2\/types\/page"}],"author":[{"embeddable":true,"href":"https:\/\/efi-sh.de\/pinneberg\/wp-json\/wp\/v2\/users\/1"}],"replies":[{"embeddable":true,"href":"https:\/\/efi-sh.de\/pinneberg\/wp-json\/wp\/v2\/comments?post=289"}],"version-history":[{"count":40,"href":"https:\/\/efi-sh.de\/pinneberg\/wp-json\/wp\/v2\/pages\/289\/revisions"}],"predecessor-version":[{"id":1223,"href":"https:\/\/efi-sh.de\/pinneberg\/wp-json\/wp\/v2\/pages\/289\/revisions\/1223"}],"wp:attachment":[{"href":"https:\/\/efi-sh.de\/pinneberg\/wp-json\/wp\/v2\/media?parent=289"}],"curies":[{"name":"wp","href":"https:\/\/api.w.org\/{rel}","templated":true}]}}