{"id":771,"date":"2023-02-14T15:14:01","date_gmt":"2023-02-14T14:14:01","guid":{"rendered":"https:\/\/efi-sh.de\/neumuenster\/?page_id=771"},"modified":"2024-03-27T19:59:52","modified_gmt":"2024-03-27T18:59:52","slug":"mitmachen","status":"publish","type":"page","link":"https:\/\/efi-sh.de\/neumuenster\/mitmachen\/","title":{"rendered":"Mitmachen"},"content":{"rendered":"<div class=\"entry-content\">\n<h2 class=\"entry-title\">\u201eArbeiten\u201c im Team<\/h2>\n<p>Wir sind Teamplayer!<\/p>\n<p>Die \u201e<em>Senior<\/em>Trainer<em>Innen<\/em>\u201c in Schleswig-Holstein treffen sich mindestens einmal im Monat.<\/p>\n<p>Wir informieren uns \u00fcber aktuelle Projekte, entwickeln neue Ideen und erkundigen uns \u00fcber Bedarfe an gemeinn\u00fctzigen T\u00e4tigkeiten in unserer Region.<\/p>\n<p>Jeder ist bei uns willkommen, der uns bei unseren ehrenamtlichen T\u00e4tigkeiten unterst\u00fctzen m\u00f6chte.<\/p>\n<p>Sie haben eine Idee, ein neues Projekt?<\/p>\n<p>Dann melden Sie sich bitte an eine unserer \u201e<em>Senior<\/em>Trainer<em>Innen<\/em>\u201c-Anlaufstellen in Schleswig-Holstein.<\/p>\n<p><strong>Anlaufstelle f\u00fcr den Bereich Neum\u00fcnster:<\/strong><\/p>\n<div>Stadt Neum\u00fcnster<\/div>\n<div>Seniorenb\u00fcro<\/div>\n<div>Gro\u00dfflecken 71<\/div>\n<div>24534 Neum\u00fcnster<br \/>\nAnsprechpartnerin: Christiane Johannsen<br \/>\nTelefon: 04321-942-2754, Fax: 04321-942-2086<\/div>\n<div>Mail: <a href=\"mailto:christiane.johannsen@neumuenster.de\" target=\"_blank\" rel=\"noopener\">christiane.johannsen@neumuenster.de<\/a><\/div>\n<\/div>\n","protected":false},"excerpt":{"rendered":"<p>\u201eArbeiten\u201c im Team Wir sind Teamplayer! Die \u201eSeniorTrainerInnen\u201c in Schleswig-Holstein treffen sich mindestens einmal im Monat. Wir informieren uns \u00fcber aktuelle Projekte, entwickeln neue Ideen&hellip; <\/p>\n","protected":false},"author":7,"featured_media":0,"parent":0,"menu_order":0,"comment_status":"closed","ping_status":"closed","template":"","meta":{"footnotes":""},"class_list":["post-771","page","type-page","status-publish","hentry"],"_links":{"self":[{"href":"https:\/\/efi-sh.de\/neumuenster\/wp-json\/wp\/v2\/pages\/771","targetHints":{"allow":["GET"]}}],"collection":[{"href":"https:\/\/efi-sh.de\/neumuenster\/wp-json\/wp\/v2\/pages"}],"about":[{"href":"https:\/\/efi-sh.de\/neumuenster\/wp-json\/wp\/v2\/types\/page"}],"author":[{"embeddable":true,"href":"https:\/\/efi-sh.de\/neumuenster\/wp-json\/wp\/v2\/users\/7"}],"replies":[{"embeddable":true,"href":"https:\/\/efi-sh.de\/neumuenster\/wp-json\/wp\/v2\/comments?post=771"}],"version-history":[{"count":7,"href":"https:\/\/efi-sh.de\/neumuenster\/wp-json\/wp\/v2\/pages\/771\/revisions"}],"predecessor-version":[{"id":1062,"href":"https:\/\/efi-sh.de\/neumuenster\/wp-json\/wp\/v2\/pages\/771\/revisions\/1062"}],"wp:attachment":[{"href":"https:\/\/efi-sh.de\/neumuenster\/wp-json\/wp\/v2\/media?parent=771"}],"curies":[{"name":"wp","href":"https:\/\/api.w.org\/{rel}","templated":true}]}}