{"id":768,"date":"2023-02-14T15:09:36","date_gmt":"2023-02-14T14:09:36","guid":{"rendered":"https:\/\/efi-sh.de\/neumuenster\/?page_id=768"},"modified":"2024-09-06T21:24:04","modified_gmt":"2024-09-06T19:24:04","slug":"kompetenzteam-neumuenster","status":"publish","type":"page","link":"https:\/\/efi-sh.de\/neumuenster\/kompetenzteam-neumuenster\/","title":{"rendered":"Kompetenzteam Neum\u00fcnster"},"content":{"rendered":"<div class=\"n module-type-header diyfeLiveArea \">\n<h2><span class=\"diyfeDecoration\">&#8230; aus unserem Leitbild<\/span><\/h2>\n<\/div>\n<div class=\"n module-type-text diyfeLiveArea \">\n<p><strong>Wer wir sind&#8230;<\/strong><\/p>\n<ul>\n<li style=\"list-style-type: none;\">\n<ul>\n<li>Wir sind Senioren und haben die aktivste Phase in Familie und Beruf beendet.<\/li>\n<li>Mit unserem Erfahrungswissen auf Basis unserer Berufs- und Lebenserfahrung stellen wir uns ehrenamtlich zur Unterst\u00fctzung von Einrichtungen, Vereinen und Initiativen zum Aufbau gemeinn\u00fctziger Projekte zur Verf\u00fcgung.<\/li>\n<li>Wir verstehen uns als das &#8218;<em>senior<\/em>Kompetenzteam&#8216;, das sich gem\u00e4\u00df seiner Absprachen selbstst\u00e4ndig organisiert.<\/li>\n<li>Wir sind partei- und konfessions\u00fcbergreifend t\u00e4tig.<\/li>\n<li>Wir arbeiten ehrenamtlich und gemeinn\u00fctzig.<\/li>\n<\/ul>\n<\/li>\n<\/ul>\n<\/div>\n<div class=\"n module-type-text diyfeLiveArea \">\n<p><strong>Was wir machen und was wir wollen&#8230;<\/strong><\/p>\n<ul>\n<li style=\"list-style-type: none;\">\n<ul>\n<li>Wir sehen unsere Aufgabe darin, die Lebensqualit\u00e4t im sozialen und kulturellen Miteinander in der Kommune zu unterst\u00fctzen.<\/li>\n<li>Wir initiieren neue Projekte im Sinne b\u00fcrgerschaftlichen Engagements.<\/li>\n<li>Wir st\u00e4rken und unterst\u00fctzen das freiwillige Engagement in der Kommune und f\u00f6rdern seine \u00f6ffentliche Wahrnehmung, seine Inanspruchnahme und seine Anerkennung.<\/li>\n<li>Wir setzen uns daf\u00fcr ein, dass mehr \u00c4ltere in der Rolle von <em>senior<\/em>Trainer<em>innen<\/em> neue Formen des B\u00fcrgerengagements in der Kommune entwickeln.<\/li>\n<li>Wir pflegen in unserer gemeinsamen Arbeit kooperative, unterst\u00fctzende und transparente Kommunikationsstrukturen.<\/li>\n<li>Wir nutzen die M\u00f6glichkeit von Fortbildungen.<\/li>\n<\/ul>\n<\/li>\n<\/ul>\n<\/div>\n<p><strong>Wollen Sie in unserem Team mitmachen?<\/strong><\/p>\n<p style=\"padding-left: 40px;\">Wenn Sie Lust haben, ehrenamtlich gesellschaftliche Verantwortung zu \u00fcbernehmen und Ihre Ideen umzusetzen, so sind Sie herzlich willkommen. Wir bieten allen eine interessante Perspektive, die bald in den Ruhestand treten. Bei uns k\u00f6nnen Sie bestehende Projekte unterst\u00fctzen oder eigene Projektidee umsetzen.<br \/>\nWenn Sie zu uns kommen, lernen Sie zun\u00e4chst das seniorTrainer*innen-Team bei seinen regelm\u00e4\u00dfigen Treffen kennen. Einmal im Monat treffen wir uns. Hier berichten wir von unseren Projekten und besprechen Organisatorisches. Wir diskutieren neue Ideen, helfen uns, geben einander Rat und Anregung. Den Umfang unseres Engagements in unseren Projekten bestimmen wir selbst.<\/p>\n<hr \/>\n<p><strong>Sie sind interessiert?<\/strong><\/p>\n<p>Sie sind herzlich willkommen unsere Teamsitzungen zu besuchen.<\/p>\n<p>Machen Sie bei laufenden Projekten mit\u2026 <strong>oder setzen Sie Ihre eigenen Ideen um!<\/strong><\/p>\n<dl class=\"wisy_stichwlist\">\n<dt class=\"wisy_stichwtyp8\">Zielgruppe: Seniorinnen und Senioren<\/dt>\n<dt>\n<hr \/>\n<\/dt>\n<\/dl>\n<dl class=\"wisy_stichwlist\">\n<dd><strong>Teamtreff: Anlaufstelle<br \/>\n<\/strong>Stadt Neum\u00fcnster<br \/>\nSeniorenb\u00fcro<br \/>\nGro\u00dfflecken 71<br \/>\n24534 Neum\u00fcnster<br \/>\nAnsprechpartnerin: Christiane Johannsen<br \/>\nTelefon: 04321-942-2754, Fax: 04321-942-2086<br \/>\nMail: <a href=\"mailto:christiane.johannsen@neumuenster.de\" target=\"_blank\" rel=\"noopener\">christiane.johannsen@neumuenster.de<\/a><\/dd>\n<\/dl>\n","protected":false},"excerpt":{"rendered":"<p>&#8230; aus unserem Leitbild Wer wir sind&#8230; Wir sind Senioren und haben die aktivste Phase in Familie und Beruf beendet. Mit unserem Erfahrungswissen auf Basis&hellip; <\/p>\n","protected":false},"author":7,"featured_media":0,"parent":0,"menu_order":0,"comment_status":"closed","ping_status":"closed","template":"","meta":{"footnotes":""},"class_list":["post-768","page","type-page","status-publish","hentry"],"_links":{"self":[{"href":"https:\/\/efi-sh.de\/neumuenster\/wp-json\/wp\/v2\/pages\/768","targetHints":{"allow":["GET"]}}],"collection":[{"href":"https:\/\/efi-sh.de\/neumuenster\/wp-json\/wp\/v2\/pages"}],"about":[{"href":"https:\/\/efi-sh.de\/neumuenster\/wp-json\/wp\/v2\/types\/page"}],"author":[{"embeddable":true,"href":"https:\/\/efi-sh.de\/neumuenster\/wp-json\/wp\/v2\/users\/7"}],"replies":[{"embeddable":true,"href":"https:\/\/efi-sh.de\/neumuenster\/wp-json\/wp\/v2\/comments?post=768"}],"version-history":[{"count":22,"href":"https:\/\/efi-sh.de\/neumuenster\/wp-json\/wp\/v2\/pages\/768\/revisions"}],"predecessor-version":[{"id":1201,"href":"https:\/\/efi-sh.de\/neumuenster\/wp-json\/wp\/v2\/pages\/768\/revisions\/1201"}],"wp:attachment":[{"href":"https:\/\/efi-sh.de\/neumuenster\/wp-json\/wp\/v2\/media?parent=768"}],"curies":[{"name":"wp","href":"https:\/\/api.w.org\/{rel}","templated":true}]}}