{"id":764,"date":"2023-02-14T15:04:31","date_gmt":"2023-02-14T14:04:31","guid":{"rendered":"https:\/\/efi-sh.de\/neumuenster\/?page_id=764"},"modified":"2024-09-07T13:27:13","modified_gmt":"2024-09-07T11:27:13","slug":"projekte","status":"publish","type":"page","link":"https:\/\/efi-sh.de\/neumuenster\/projekte\/","title":{"rendered":"Projekte"},"content":{"rendered":"<div>\n<h2>Projekte der\u00a0\u201e<em>Senior<\/em>Trainer<em>Innen<\/em>\u201c<\/h2>\n<p>\u201e<em>Senior<\/em>Trainer<em>Innen<\/em>\u201c engagieren sich in unterschiedlichen Bereichen. Sie initiieren zum Beispiel Angebote in der Altenhilfe, im Diabetikersport, entwerfen eine H\u00f6rzeitung f\u00fcr Sehbehinderte, planen und leiten generations\u00fcbergreifende Projekte wie zum Beispiel: G\u00e4rtnern mit Kindern, Jugendmentoring, beteiligen sich bei Integrationsma\u00dfnahmen und vieles mehr.<\/p>\n<p>Weitere Informationen erhalten Sie aus der folgenden \u00dcbersicht \u00fcber unsere Projekte in unserem Kompetenzteam in Neum\u00fcnster.<\/p>\n\n<table id=\"tablepress-1\" class=\"tablepress tablepress-id-1\">\n<thead>\n<tr class=\"row-1\">\n\t<th class=\"column-1\"><strong>Bezeichnung<\/strong><\/th><th class=\"column-2\"><strong>Ziel<\/strong><\/th><th class=\"column-3\"><strong>Zielgruppe(n)<\/strong><\/th><th class=\"column-4\"><strong>Status<\/strong><\/th><th class=\"column-5\"><strong>Ansprechpartner*In \/ Anlaufstelle<\/strong><\/th>\n<\/tr>\n<\/thead>\n<tbody class=\"row-striping row-hover\">\n<tr class=\"row-2\">\n\t<td class=\"column-1\"><a href=\"https:\/\/efi-sh.de\/neumuenster\/plattdueuetsch-in-gorland\/\" rel=\"noopener\" target=\"_blank\">Plattd\u00fc\u00fctsch in Gorland<\/a><\/td><td class=\"column-2\">Kl\u00f6nschnacktreffen rund um den Stadtteil<\/td><td class=\"column-3\">Alle Interessierten<\/td><td class=\"column-4\">Aktiv<\/td><td class=\"column-5\">Heinz Fieroh<\/td>\n<\/tr>\n<tr class=\"row-3\">\n\t<td class=\"column-1\">B\u00fccherzelle<\/td><td class=\"column-2\">Lesef\u00f6rderung<\/td><td class=\"column-3\">Generations\u00fcbergreifend<\/td><td class=\"column-4\">Aktiv<\/td><td class=\"column-5\"><\/td>\n<\/tr>\n<tr class=\"row-4\">\n\t<td class=\"column-1\">Kl\u00f6nschnack am Sonntag<\/td><td class=\"column-2\">F\u00f6rderung sozialer Kontakte<\/td><td class=\"column-3\">Erwachsene<\/td><td class=\"column-4\">Aktiv<\/td><td class=\"column-5\"><\/td>\n<\/tr>\n<tr class=\"row-5\">\n\t<td class=\"column-1\"><a href=\"https:\/\/efi-sh.de\/neumuenster\/hoerzeitung-fuer-blinde\" rel=\"noopener\" target=\"_blank\">H\u00f6rzeitung<\/a><\/td><td class=\"column-2\">W\u00f6chentliches Besprechen und Produzieren einer Audio-CD mit aktuellen Artikeln aus den Tageszeitungen und Nachrichtenmagazinen<\/td><td class=\"column-3\">Blinde und sehbehinderte Menschen<\/td><td class=\"column-4\">Aktiv<\/td><td class=\"column-5\">Karin Foth<\/td>\n<\/tr>\n<tr class=\"row-6\">\n\t<td class=\"column-1\">Schulsozialpraktikum an der Gemeinschaftsschule Brachenfeld<\/td><td class=\"column-2\">F\u00f6rderung der sozialen Kompetenzen<\/td><td class=\"column-3\">Sch\u00fcler*innen<\/td><td class=\"column-4\">In Planung<\/td><td class=\"column-5\">Heiko Hoppe<\/td>\n<\/tr>\n<tr class=\"row-7\">\n\t<td class=\"column-1\">Adventskaffee f\u00fcr Blinde und Sehbehinderte<\/td><td class=\"column-2\"><\/td><td class=\"column-3\"><\/td><td class=\"column-4\">Aktiv<\/td><td class=\"column-5\"><\/td>\n<\/tr>\n<\/tbody>\n<\/table>\n<!-- #tablepress-1 from cache -->\n<h2>Unser Team pflegt viele Projekte aus unterschiedlichen Bereichen.<\/h2>\n<div>\n<p><strong>Hierbei k\u00f6nnen Sie uns unterst\u00fctzen.<\/strong><\/p>\n<\/div>\n<\/div>\n<div>\n<p>Sie haben eine Idee? Ein eigenes Projekt? Sie brauchen Unterst\u00fctzung? Nutzen Sie das Wissen und die Erfahrungen ihrer Mitmenschen!<\/p>\n<p>Sprechen Sie uns \u201e<em>Senior<\/em>Trainer<em>Innen<\/em>\u201c in Neum\u00fcnster ruhig einmal an.<\/p>\n<p>Ein \u00dcbersicht \u00fcber aktuelle und abgeschlossene Projekte k\u00f6nnen sie unserer Projekt\u00fcbersicht entnehmen.<\/p>\n<\/div>\n\n\n<div class=\"wp-block-file\"><a id=\"wp-block-file--media-17cdb93c-25a2-4f79-94dd-d77841aad02e\" href=\"https:\/\/efi-sh.de\/neumuenster\/wp-content\/uploads\/2024\/09\/Uebersicht-Projekte-2003-2022-2.pdf\" target=\"_blank\" rel=\"noreferrer noopener\">\u00dcbersicht-Projekte-2003-2022<\/a><a href=\"https:\/\/efi-sh.de\/neumuenster\/wp-content\/uploads\/2024\/09\/Uebersicht-Projekte-2003-2022-2.pdf\" class=\"wp-block-file__button wp-element-button\" download aria-describedby=\"wp-block-file--media-17cdb93c-25a2-4f79-94dd-d77841aad02e\">Herunterladen<\/a><\/div>\n","protected":false},"excerpt":{"rendered":"<p>Projekte der\u00a0\u201eSeniorTrainerInnen\u201c \u201eSeniorTrainerInnen\u201c engagieren sich in unterschiedlichen Bereichen. Sie initiieren zum Beispiel Angebote in der Altenhilfe, im Diabetikersport, entwerfen eine H\u00f6rzeitung f\u00fcr Sehbehinderte, planen und&hellip; <\/p>\n","protected":false},"author":7,"featured_media":0,"parent":0,"menu_order":0,"comment_status":"closed","ping_status":"closed","template":"","meta":{"footnotes":""},"class_list":["post-764","page","type-page","status-publish","hentry"],"_links":{"self":[{"href":"https:\/\/efi-sh.de\/neumuenster\/wp-json\/wp\/v2\/pages\/764","targetHints":{"allow":["GET"]}}],"collection":[{"href":"https:\/\/efi-sh.de\/neumuenster\/wp-json\/wp\/v2\/pages"}],"about":[{"href":"https:\/\/efi-sh.de\/neumuenster\/wp-json\/wp\/v2\/types\/page"}],"author":[{"embeddable":true,"href":"https:\/\/efi-sh.de\/neumuenster\/wp-json\/wp\/v2\/users\/7"}],"replies":[{"embeddable":true,"href":"https:\/\/efi-sh.de\/neumuenster\/wp-json\/wp\/v2\/comments?post=764"}],"version-history":[{"count":25,"href":"https:\/\/efi-sh.de\/neumuenster\/wp-json\/wp\/v2\/pages\/764\/revisions"}],"predecessor-version":[{"id":1221,"href":"https:\/\/efi-sh.de\/neumuenster\/wp-json\/wp\/v2\/pages\/764\/revisions\/1221"}],"wp:attachment":[{"href":"https:\/\/efi-sh.de\/neumuenster\/wp-json\/wp\/v2\/media?parent=764"}],"curies":[{"name":"wp","href":"https:\/\/api.w.org\/{rel}","templated":true}]}}