{"id":289,"date":"2021-09-22T05:41:26","date_gmt":"2021-09-22T05:41:26","guid":{"rendered":"https:\/\/demo.themefreesia.com\/zon\/?page_id=5"},"modified":"2024-09-06T21:21:44","modified_gmt":"2024-09-06T19:21:44","slug":"home","status":"publish","type":"page","link":"https:\/\/efi-sh.de\/neumuenster\/","title":{"rendered":"Home"},"content":{"rendered":"<p><strong>Das Projekt seniorTrainer*innen ist die landesweite Fortsetzung des Bundesmodellprogramms \u201eErfahrungswissen f\u00fcr Initiativen\u201c (EFI) 2002-2006. Das Programm wird vom Ministerium f\u00fcr Arbeit, Soziales und Gesundheit des Landes Schleswig-Holstein unterst\u00fctzt.<\/strong><\/p>\n<hr \/>\n<p class=\"western\"><b>Ziel des <\/b><b>Projektes<\/b><b> &#8222;seniorTrainer&#8220;<br \/>\n<\/b><\/p>\n<p class=\"western\">Ziel des Projektes senior<em>Trainer<\/em> ist es, das lebenslang erworbene Wissen und die Kompetenzen der Menschen auch in ihrer nachberuflichen Phase zur Unterst\u00fctzung des freiwilligen Engagements in einer Kommune zu nutzen.\u00a0\u201eSeniorTrainer<em>Innen<\/em>\u201c bringen ihre Erfahrungen in die \u00f6rtlichen ehrenamtlichen Initiativen ein und entwickeln vor allem neue Projektideen f\u00fcr freiwilliges Engagement (siehe <a href=\"https:\/\/efi-sh.de\/neumuenster\/projekte\/\">Projekteliste<\/a>). Vereine und ehrenamtliche aktive Organisationen k\u00f6nnen diese Kompetenzen bei den\u00a0\u201eSeniorTrainer<em>Innen<\/em>\u201c selbst oder im Seniorenb\u00fcro nachfragen.<\/p>\n<p>Wie w\u00e4re es mit einem Ehrenamt, bei dem Sie etwas von Ihrer nun reichlich vorhandenen Zeit einsetzen und Ihre gewonnenen Lebens- und Berufserfahrungen weitergeben?<\/p>\n<p><strong>Weiterhin gebraucht und wertgesch\u00e4tzt zu werden, ist ein gro\u00dfartiges Gef\u00fchl.<\/strong><\/p>\n<p>\u201eSeniorTrainer<em>Innen<\/em>\u201c ist eine seit Jahren erfolgreiche Landesinitiative. Das Wort \u201eSenior\u201c steht f\u00fcr erfahren und leitend &#8211; das Wort \u201eTrainer\u201c f\u00fcr Berater, Unterst\u00fctzer und F\u00f6rderer. Landesweit sind zurzeit rund 200 \u201eSeniorTrainer<em>Innen<\/em>\u201c in \u00fcber 100 Projekten aktiv. Sie helfen und beraten bestehende Initiativen, Vereine, Gruppen oder einzelne Menschen. Die Themen sind bunt, komplex und vielf\u00e4ltig.<\/p>\n<p><strong>Neum\u00fcnster ist einer von vielen Standorten in Schleswig-Holstein.<\/strong><\/p>\n<p>Unser Team unterst\u00fctzt Sie dabei, Ihre Ideen umzusetzen.<\/p>\n<div>Interessierte Seniorinnen und Senioren werden in Schleswig-Holstein zentral durch zwei dreit\u00e4gige kostenfreie Seminare mit \u00dcbernachtung (zum Beispiel in der Akademie am See in Pl\u00f6n) auf ihr Ehrenamt sorgf\u00e4ltig vorbereitet. Vorher k\u00f6nnen Sie eine Hospitations- und Praxisphase durchlaufen, stets unterst\u00fctzt durch das Kompetenzteam Neum\u00fcnster.<\/div>\n<p>Wer Lust versp\u00fcrt sich ehrenamtlich zu engagieren und ausf\u00fchrliche Informationen und Anregungen haben m\u00f6chte, wendet sich bitte an die Ansprechpartner<\/p>\n<p><strong>Wollen Sie in unserem Team mitmachen?<\/strong><br \/>\n<strong>Wenn Sie Lust haben, ehrenamtlich gesellschaftliche Verantwortung zu \u00fcbernehmen und Ihre Ideen umzusetzen, so sind Sie herzlich willkommen. Wir bieten allen<\/strong><strong>, die bald in den Ruhestand treten,<\/strong><strong> eine interessante Perspektive. Bei uns k\u00f6nnen Sie bestehende Projekte unterst\u00fctzen oder eigene Projektideen umsetzen.<\/strong><br \/>\n<strong>Wenn Sie zu uns kommen, lernen Sie zun\u00e4chst das \u201eSeniorTrainer<em>Innen<\/em>\u201c-Team bei seinen regelm\u00e4\u00dfigen Treffen kennen. Einmal im Monat treffen wir uns. Hier berichten wir von unseren Projekten und besprechen Organisatorisches. Wir diskutieren neue Ideen, helfen uns, geben einander Rat und Anregung. Den Umfang unseres Engagements in unseren Projekten bestimmen wir selbst.<\/strong><\/p>\n<hr \/>\n<p><strong>Sie sind interessiert?<\/strong><\/p>\n<p>Kommen Sie zu unseren Teamsitzungen.<br \/>\nMachen Sie bei laufenden Projekten mit\u2026 <strong>oder setzen Sie Ihre eigenen Ideen um!<\/strong><\/p>\n<p>Sie sind uns herzlich willkommen!<\/p>\n<dl class=\"wisy_stichwlist\">\n<dt class=\"wisy_stichwtyp8\">Zielgruppe: Senioren\/-innen (Teilnehmende)<\/dt>\n<dt>\n<hr \/>\n<\/dt>\n<dd><strong>Teamtreff: Anlaufstelle<br \/>\n<\/strong>Stadt Neum\u00fcnster<br \/>\nSeniorenb\u00fcro<br \/>\nGro\u00dfflecken 71<br \/>\n24534 Neum\u00fcnster<br \/>\nAnsprechpartnerin: Christiane Johannsen<br \/>\nTelefon: 04321-942-2754, Fax: 04321-942-2086<br \/>\nMail: <a href=\"mailto:christiane.johannsen@neumuenster.de\">christiane.johannsen@neumuenster.de<\/a><\/dd>\n<\/dl>\n","protected":false},"excerpt":{"rendered":"<p>Das Projekt seniorTrainer*innen ist die landesweite Fortsetzung des Bundesmodellprogramms \u201eErfahrungswissen f\u00fcr Initiativen\u201c (EFI) 2002-2006. Das Programm wird vom Ministerium f\u00fcr Arbeit, Soziales und Gesundheit des&hellip; <\/p>\n","protected":false},"author":7,"featured_media":0,"parent":0,"menu_order":0,"comment_status":"closed","ping_status":"closed","template":"page-templates\/zon-template.php","meta":{"footnotes":""},"class_list":["post-289","page","type-page","status-publish","hentry"],"_links":{"self":[{"href":"https:\/\/efi-sh.de\/neumuenster\/wp-json\/wp\/v2\/pages\/289","targetHints":{"allow":["GET"]}}],"collection":[{"href":"https:\/\/efi-sh.de\/neumuenster\/wp-json\/wp\/v2\/pages"}],"about":[{"href":"https:\/\/efi-sh.de\/neumuenster\/wp-json\/wp\/v2\/types\/page"}],"author":[{"embeddable":true,"href":"https:\/\/efi-sh.de\/neumuenster\/wp-json\/wp\/v2\/users\/7"}],"replies":[{"embeddable":true,"href":"https:\/\/efi-sh.de\/neumuenster\/wp-json\/wp\/v2\/comments?post=289"}],"version-history":[{"count":22,"href":"https:\/\/efi-sh.de\/neumuenster\/wp-json\/wp\/v2\/pages\/289\/revisions"}],"predecessor-version":[{"id":1200,"href":"https:\/\/efi-sh.de\/neumuenster\/wp-json\/wp\/v2\/pages\/289\/revisions\/1200"}],"wp:attachment":[{"href":"https:\/\/efi-sh.de\/neumuenster\/wp-json\/wp\/v2\/media?parent=289"}],"curies":[{"name":"wp","href":"https:\/\/api.w.org\/{rel}","templated":true}]}}