{"id":1180,"date":"2024-05-25T01:33:11","date_gmt":"2024-05-24T23:33:11","guid":{"rendered":"https:\/\/efi-sh.de\/neumuenster\/?page_id=1180"},"modified":"2024-11-19T20:46:17","modified_gmt":"2024-11-19T19:46:17","slug":"links","status":"publish","type":"page","link":"https:\/\/efi-sh.de\/neumuenster\/links\/","title":{"rendered":"Links"},"content":{"rendered":"<p><a href=\"https:\/\/www.neumuenster.de\/gesellschaft-soziales\/aelter-werden-in-nms\/seniorenbuero\">https:\/\/www.neumuenster.de\/gesellschaft-soziales\/aelter-werden-in-nms\/seniorenbuero<br \/>\n<\/a>Das Seniorenb\u00fcro der Stadt Neum\u00fcnster betreut das B\u00fcrgercafe in Gadeland und ist eine allgemeine Beratungsstelle der Stadt Neum\u00fcnster f\u00fcr alle \u00e4lteren Mitb\u00fcrgerinnen und Mitb\u00fcrger.<\/p>\n<p><a href=\"https:\/\/www.neumuenster.de\/gesellschaft-soziales\/aelter-werden-in-nms\/informationberatung\/pflegestuetzpunkt\">https:\/\/www.neumuenster.de\/gesellschaft-soziales\/aelter-werden-in-nms\/informationberatung\/pflegestuetzpunkt<\/a><a href=\"https:\/\/www.neumuenster.de\/gesellschaft-soziales\/aelter-werden-in-nms\/informationberatung\/pflegestuetzpunkt\"><br \/>\n<\/a>Im Pflegest\u00fctzpunkt der Stadt Neum\u00fcnster erhalten Sie individuelle, unabh\u00e4ngige und kostenfreie Beratung zu allen Fragen rund um das Thema Hilfe- und Pflegebedarf.<\/p>\n<p><a href=\"https:\/\/www.vhs-neumuenster.de\">https:\/\/www.vhs-neumuenster.de<br \/>\n<\/a>Die Volkshochschule h\u00e4lt zahlreiche Angebote f\u00fcr alle Generationen bereit und kooperiert u.a. mit dem Seniorenb\u00fcro der Stadt Neum\u00fcnster.<\/p>\n<p><a href=\"https:\/\/www.seniorenpolitik-aktuell.de\/reif_fuer_neues\/\" target=\"_blank\" rel=\"noopener\">www.seniorenpolitik-aktuell.de<\/a><br \/>\nDas Deutsche Institut f\u00fcr Sozialwirtschaft (DISW) entwickelte und betreibt seit 2008 das Internetportal www.seniorenpolitik-aktuell.de zu seniorenpolitisch relevanten Themen und aktuellen Informationen in Abstimmung mit dem Ministeriums f\u00fcr Soziales, Gesundheit, Jugend, Familie und Senioren des Landes Schleswig-Holstein.<\/p>\n<p><a href=\"https:\/\/www.sovd-sh.de\/neumuenster\">https:\/\/www.sovd-sh.de\/neumuenster<\/a><br \/>\nDer Sozialverband Schleswig-Holstein gibt Hilfestellung zur sozialen Gerechtigkeit durch Beratung und Betreuung in sozialen Angelegenheiten.<\/p>\n<p><a href=\"https:\/\/www.mehrgenerationenhaeuser.de\">https:\/\/www.mehrgenerationenhaeuser.de<\/a><br \/>\nBundesweiter \u00dcberblick \u00fcber Mehrgenerationenh\u00e4user. Ziel ist ein nachbarschaftliches Netzwerk familiennaher Dienstleistungen.<\/p>\n<p><a href=\"http:\/\/www.bagso.de\" target=\"_blank\" rel=\"noopener\">BAGSO &#8211; Bundesarbeitsgemeinschaft der Seniorenorganisationen e.V.<\/a><br \/>\nDie Bundesarbeitsgemeinschaft der Senioren-Organisationen (BAGSO) e.V. tritt als Interessenvertretung der \u00e4lteren Generationen in Deutschland vor allem daf\u00fcr ein, dass jedem Menschen ein selbstbestimmtes Leben im Alter m\u00f6glich ist.<\/p>\n<p><a href=\"http:\/\/www.repaircafe-neumuenster.de\">http:\/\/www.repaircafe-neumuenster.de<\/a><br \/>\nRepair Caf\u00e9s sind kostenlose Treffen, bei denen die Teilnehmer alleine oder gemeinsam mit Anderen kaputte Dinge reparieren. Ehrenamtliche Reparaturexperten helfen den Besuchern dabei, so viel wie m\u00f6glich selbst an den mitgebrachten Gegenst\u00e4nden wieder in Ordnung zu bringen. Dazu gibt es Kaffee und Kuchen und jede Menge Kl\u00f6nschnack.<\/p>\n<p><a href=\"https:\/\/www.schleswig-holstein.de\/DE\/landesregierung\/themen\/soziales\/senioren\/senioren.html\" target=\"_blank\" rel=\"noopener\">Senior*innenpolitik in Schleswig-Holstein<\/a><br \/>\n<a href=\"http:\/\/www.buergercafe.de\/links.htm\">http:\/\/www.buergercafe.de\/links.htm<\/a><br \/>\n<a href=\"https:\/\/www.senioren-ratgeber.de\/Recht--Finanzen\/Trickbetrug-So-schuetzen-Sie-sich-547059.html\">https:\/\/www.senioren-ratgeber.de<\/a><br \/>\n<a href=\"https:\/\/engagiert-in-sh.de\/engagementfelder\/senioren\/index.php?id=320\">Engagement in Schleswig-Holstein<\/a><br \/>\n<a href=\"http:\/\/www.ki-und-alter.de\/\" target=\"_blank\" rel=\"noopener\">KI f\u00fcr ein gutes Altern<\/a><\/p>\n","protected":false},"excerpt":{"rendered":"<p>https:\/\/www.neumuenster.de\/gesellschaft-soziales\/aelter-werden-in-nms\/seniorenbuero Das Seniorenb\u00fcro der Stadt Neum\u00fcnster betreut das B\u00fcrgercafe in Gadeland und ist eine allgemeine Beratungsstelle der Stadt Neum\u00fcnster f\u00fcr alle \u00e4lteren Mitb\u00fcrgerinnen und Mitb\u00fcrger.&hellip; <\/p>\n","protected":false},"author":7,"featured_media":0,"parent":0,"menu_order":0,"comment_status":"closed","ping_status":"closed","template":"","meta":{"footnotes":""},"class_list":["post-1180","page","type-page","status-publish","hentry"],"_links":{"self":[{"href":"https:\/\/efi-sh.de\/neumuenster\/wp-json\/wp\/v2\/pages\/1180","targetHints":{"allow":["GET"]}}],"collection":[{"href":"https:\/\/efi-sh.de\/neumuenster\/wp-json\/wp\/v2\/pages"}],"about":[{"href":"https:\/\/efi-sh.de\/neumuenster\/wp-json\/wp\/v2\/types\/page"}],"author":[{"embeddable":true,"href":"https:\/\/efi-sh.de\/neumuenster\/wp-json\/wp\/v2\/users\/7"}],"replies":[{"embeddable":true,"href":"https:\/\/efi-sh.de\/neumuenster\/wp-json\/wp\/v2\/comments?post=1180"}],"version-history":[{"count":8,"href":"https:\/\/efi-sh.de\/neumuenster\/wp-json\/wp\/v2\/pages\/1180\/revisions"}],"predecessor-version":[{"id":1256,"href":"https:\/\/efi-sh.de\/neumuenster\/wp-json\/wp\/v2\/pages\/1180\/revisions\/1256"}],"wp:attachment":[{"href":"https:\/\/efi-sh.de\/neumuenster\/wp-json\/wp\/v2\/media?parent=1180"}],"curies":[{"name":"wp","href":"https:\/\/api.w.org\/{rel}","templated":true}]}}