{"id":1097,"date":"2023-12-27T21:10:26","date_gmt":"2023-12-27T20:10:26","guid":{"rendered":"https:\/\/efi-sh.de\/neumuenster\/?page_id=1097"},"modified":"2023-12-27T21:10:26","modified_gmt":"2023-12-27T20:10:26","slug":"hoerzeitung-fuer-blinde","status":"publish","type":"page","link":"https:\/\/efi-sh.de\/neumuenster\/hoerzeitung-fuer-blinde\/","title":{"rendered":"H\u00f6rzeitung f\u00fcr Blinde"},"content":{"rendered":"<div class=\"n module-type-text diyfeLiveArea \">\n<p><strong>H\u00f6rzeitung auf CD f\u00fcr Blinde und Sehbehinderte<\/strong><\/p>\n<p><strong>Projektziel: W\u00f6chentliches Besprechen und Produzieren einer Audio-CD mit aktuellen Artikeln aus den Tageszeitungen und Nachrichtenmagazinen<\/strong><\/p>\n<p><strong>Zielgruppe: Blinde und sehbehinderte Menschen<\/strong><\/p>\n<p><strong>Beginn: 2007<\/strong><\/p>\n<p><strong>Ansprechpartnerin: Karin Foth<\/strong><\/p>\n<hr \/>\n<div class=\"n module-type-header diyfeLiveArea \">\n<h2><span class=\"diyfeDecoration\">&#8222;H\u00f6rzeitung Neum\u00fcnster&#8220;<\/span><\/h2>\n<\/div>\n<div class=\"n module-type-text diyfeLiveArea \">\n<p class=\"western\">Die H\u00f6rzeitung mit regionalen Nachrichten aus dem Holsteinischen Courier, aufgelesen auf CD, erscheint einmal w\u00f6chentlich und will blinden und sehbehinderten Menschen erm\u00f6glichen, sich unabh\u00e4ngig von pers\u00f6nlichen Vorlesern \u00fcber lokale Ereignisse zu informieren.<\/p>\n<p class=\"western\">Die H\u00f6rzeit betr\u00e4gt ca. 70 Minuten.<\/p>\n<p class=\"western\">Die CD wird von drei seniorTrainern aus dem seniorKompetenzteam Neum\u00fcnster kostenfrei erstellt und versendet.<\/p>\n<p class=\"western\">Projekttr\u00e4ger ist das Seniorenb\u00fcro Neum\u00fcnster; Unterst\u00fctzer sind der Blinden- und Sehbehindertenverein Schleswig-Holstein e.V. sowie der Holsteinische Courier.<\/p>\n<p class=\"western\">Bestellt werden kann die H\u00f6rzeitung \u00fcber das Seniorenb\u00fcro der Stadt Neum\u00fcnster, Gro\u00dfflecken 71, 24534 Neum\u00fcnster, Tel. 942- 27 54<\/p>\n<\/div>\n<\/div>\n","protected":false},"excerpt":{"rendered":"<p>H\u00f6rzeitung auf CD f\u00fcr Blinde und Sehbehinderte Projektziel: W\u00f6chentliches Besprechen und Produzieren einer Audio-CD mit aktuellen Artikeln aus den Tageszeitungen und Nachrichtenmagazinen Zielgruppe: Blinde und&hellip; <\/p>\n","protected":false},"author":7,"featured_media":0,"parent":0,"menu_order":0,"comment_status":"closed","ping_status":"closed","template":"","meta":{"footnotes":""},"class_list":["post-1097","page","type-page","status-publish","hentry"],"_links":{"self":[{"href":"https:\/\/efi-sh.de\/neumuenster\/wp-json\/wp\/v2\/pages\/1097","targetHints":{"allow":["GET"]}}],"collection":[{"href":"https:\/\/efi-sh.de\/neumuenster\/wp-json\/wp\/v2\/pages"}],"about":[{"href":"https:\/\/efi-sh.de\/neumuenster\/wp-json\/wp\/v2\/types\/page"}],"author":[{"embeddable":true,"href":"https:\/\/efi-sh.de\/neumuenster\/wp-json\/wp\/v2\/users\/7"}],"replies":[{"embeddable":true,"href":"https:\/\/efi-sh.de\/neumuenster\/wp-json\/wp\/v2\/comments?post=1097"}],"version-history":[{"count":1,"href":"https:\/\/efi-sh.de\/neumuenster\/wp-json\/wp\/v2\/pages\/1097\/revisions"}],"predecessor-version":[{"id":1098,"href":"https:\/\/efi-sh.de\/neumuenster\/wp-json\/wp\/v2\/pages\/1097\/revisions\/1098"}],"wp:attachment":[{"href":"https:\/\/efi-sh.de\/neumuenster\/wp-json\/wp\/v2\/media?parent=1097"}],"curies":[{"name":"wp","href":"https:\/\/api.w.org\/{rel}","templated":true}]}}