{"id":1087,"date":"2023-12-27T20:51:21","date_gmt":"2023-12-27T19:51:21","guid":{"rendered":"https:\/\/efi-sh.de\/neumuenster\/?page_id=1087"},"modified":"2023-12-27T20:55:05","modified_gmt":"2023-12-27T19:55:05","slug":"berufseinstieg-jugend-mentoring","status":"publish","type":"page","link":"https:\/\/efi-sh.de\/neumuenster\/berufseinstieg-jugend-mentoring\/","title":{"rendered":"Berufseinstieg: Jugend-Mentoring"},"content":{"rendered":"<h2><span class=\"diyfeDecoration\">Einstieg in den Beruf: Das Projekt &#8222;Jugend-Mentoring&#8220;<\/span><\/h2>\n<div class=\"n module-type-header diyfeLiveArea \">\n<h2><span class=\"diyfeDecoration\">Jugend-Mentoren:<\/span><\/h2>\n<\/div>\n<div class=\"n module-type-text diyfeLiveArea \">\n<p>Zur Zeit sind es <strong><em>senior<\/em>Trainer<\/strong>, die ihr Erfahrungswissen ehrenamtlich einbringen, um die Ausbildungsreife der Sch\u00fcler zu unterst\u00fctzen und ihre sozialen Kompetenzen zu f\u00f6rdern.<\/p>\n<\/div>\n<div class=\"n module-type-header diyfeLiveArea \">\n<h2><span class=\"diyfeDecoration\">Dies kann in drei Bereichen geschehen:<\/span><\/h2>\n<\/div>\n<div class=\"n module-type-text diyfeLiveArea \">\n<ol>\n<li>\n<p align=\"left\">Gr\u00fcndung einer <strong>Sch\u00fclerfirma.<\/strong><\/p>\n<p align=\"left\">Hier wird unter realen Bedingungen in der Schule ein Unternehmen gegr\u00fcndet &#8211; mit allem, was dazu geh\u00f6rt.<\/p>\n<p align=\"left\">Oder ein europ\u00e4ischer F\u00fchrerschein gemacht, der die Grundlagen der Wirtschaft vermittelt und mit einer Pr\u00fcfung endet.<\/p>\n<\/li>\n<li>\n<p align=\"left\"><strong>Berufsorientierung<\/strong><\/p>\n<p align=\"left\">Hier wird der Berufswahlpass begleitet, der bei der Berufsauswahl helfen und den Sch\u00fclern ihre St\u00e4rken aufzeigen soll.<\/p>\n<\/li>\n<li>\n<p align=\"left\"><strong>Soziale Verantwortung lernen<\/strong><\/p>\n<p align=\"left\">Dieser Bereich wird in Neum\u00fcnster von <strong><em>senior<\/em>Trainern des Kompetenzteams NMS<\/strong> durchgef\u00fchrt.<\/p>\n<p align=\"left\">\u00dcber einen Zeitraum von sechs Monaten engagieren sich in Neum\u00fcnster Sch\u00fcler der Gemeinschaftsschule Faldera einmal pro Woche f\u00fcr zwei Stunden in verschiedenen Seniorenheimen.<\/p>\n<p align=\"left\">Sie leisten damit einen Beitrag zum Gemeinwohl im nahen sozialen Umfeld.<\/p>\n<p align=\"left\">Sie lernen die Arbeitsfelder in diesem Bereich kennen und erhalten Fortbildungen zum besseren Verst\u00e4ndnis der \u00e4lteren Menschen.<\/p>\n<p align=\"left\">Sie f\u00fchren ein Protokollheft, in dem sie ihre Besuche dokumentieren.<\/p>\n<div class=\"n module-type-text diyfeLiveArea \">\n<p align=\"left\"><strong>Die seniorTrainer&#8230;<\/strong><\/p>\n<ul>\n<li>\n<p align=\"left\">helfen mit ihren lokalen Kontakten.<\/p>\n<\/li>\n<li>\n<p align=\"left\"><strong>organisieren<\/strong> Fortbildungen.<\/p>\n<\/li>\n<li>\n<p align=\"left\"><strong>begleiten<\/strong> zum Vorstellungsgespr\u00e4ch und bei den ersten Malen \u2013 falls es erw\u00fcnscht und ben\u00f6tigt wird.<\/p>\n<\/li>\n<li>\n<p align=\"left\"><strong>vermitteln<\/strong> in Konfliktsituationen und begleiten in Gespr\u00e4chen.<\/p>\n<\/li>\n<li>\n<p align=\"left\"><strong>helfen<\/strong> die Erfahrungen der Jugendlichen beim Engagement zu reflektieren.<\/p>\n<\/li>\n<li>\n<p align=\"left\"><strong>helfen<\/strong> bei der F\u00fchrung eines Protokollheftes.<\/p>\n<\/li>\n<li><strong>unterst\u00fctzen<\/strong> bei einer \u00f6ffentlichkeitswirksamen Pr\u00e4sentation.<\/li>\n<\/ul>\n<\/div>\n<div class=\"n module-type-text diyfeLiveArea \">\n<p>Das Ziel ist eine St\u00e4rkung der Sozialkompetenz und der Ausbildungsreife, Hilfe bei der Berufsorientierung und St\u00e4rkung des sozialen Verantwortungsgef\u00fchls.<\/p>\n<p>In Neum\u00fcnster l\u00e4uft das Projekt \u201eSoziale Verantwortung lernen\u201c in Zusammenarbeit mit der Gemeinschaftsschule Faldera sehr gut.<\/p>\n<p>Wie das im Detail funktioniert ist in dem Video &#8222;<strong><a href=\"https:\/\/www.dropbox.com\/l\/JbjRdwYrTsXYvaolxIvj2c\">Jugend-Mentoring<\/a><\/strong>&#8220; auf unserer verlinkten Seite\u00a0 zu sehen.<\/p>\n<p>Das Projekt &#8222;Jugend-Mentoring&#8220; wurde auch f\u00fcr den B\u00fcrgerpreis des Landes Schleswig\u2013Holstein vorgeschlagen.<\/p>\n<p>Und \u2013 es wurde nominiert.<\/p>\n<p>Daf\u00fcr erhielten die Beteiligten eine Nominierungsurkunde und wurden zu einem festlichen Akt in die Sparkassenakademie Kiel geladen (die Sparkasse unterst\u00fctzt das Projekt auf vielf\u00e4ltige Weise).<\/p>\n<p>Einen Preis erhielt das Projekt nicht, aber eine Nominierung ist doch auch schon eine tolle Sache und motiviert f\u00fcr die Zukunft! <em>ghi \/ Oktober 2012<\/em><\/p>\n<\/div>\n<\/li>\n<\/ol>\n<\/div>\n","protected":false},"excerpt":{"rendered":"<p>Einstieg in den Beruf: Das Projekt &#8222;Jugend-Mentoring&#8220; Jugend-Mentoren: Zur Zeit sind es seniorTrainer, die ihr Erfahrungswissen ehrenamtlich einbringen, um die Ausbildungsreife der Sch\u00fcler zu unterst\u00fctzen&hellip; <\/p>\n","protected":false},"author":7,"featured_media":0,"parent":0,"menu_order":0,"comment_status":"closed","ping_status":"closed","template":"","meta":{"footnotes":""},"class_list":["post-1087","page","type-page","status-publish","hentry"],"_links":{"self":[{"href":"https:\/\/efi-sh.de\/neumuenster\/wp-json\/wp\/v2\/pages\/1087","targetHints":{"allow":["GET"]}}],"collection":[{"href":"https:\/\/efi-sh.de\/neumuenster\/wp-json\/wp\/v2\/pages"}],"about":[{"href":"https:\/\/efi-sh.de\/neumuenster\/wp-json\/wp\/v2\/types\/page"}],"author":[{"embeddable":true,"href":"https:\/\/efi-sh.de\/neumuenster\/wp-json\/wp\/v2\/users\/7"}],"replies":[{"embeddable":true,"href":"https:\/\/efi-sh.de\/neumuenster\/wp-json\/wp\/v2\/comments?post=1087"}],"version-history":[{"count":2,"href":"https:\/\/efi-sh.de\/neumuenster\/wp-json\/wp\/v2\/pages\/1087\/revisions"}],"predecessor-version":[{"id":1090,"href":"https:\/\/efi-sh.de\/neumuenster\/wp-json\/wp\/v2\/pages\/1087\/revisions\/1090"}],"wp:attachment":[{"href":"https:\/\/efi-sh.de\/neumuenster\/wp-json\/wp\/v2\/media?parent=1087"}],"curies":[{"name":"wp","href":"https:\/\/api.w.org\/{rel}","templated":true}]}}